{"id":4561,"date":"2021-04-06T00:39:38","date_gmt":"2021-04-06T00:39:38","guid":{"rendered":"https:\/\/lataniacretehotel.com\/?page_id=4561"},"modified":"2025-10-20T19:58:25","modified_gmt":"2025-10-20T19:58:25","slug":"apartments","status":"publish","type":"page","link":"https:\/\/lataniacretehotel.com\/de\/apartments\/","title":{"rendered":"Apartments"},"content":{"rendered":"<div class=\"wpb-content-wrapper\"><div data-vc-full-width=\"true\" data-vc-full-width-init=\"false\" data-vc-stretch-content=\"true\" class=\"vc_row wpb_row vc_row-fluid vc_custom_1617679581429 vc_row-no-padding\"><div class=\"wpb_column vc_column_container vc_col-sm-12\"><div class=\"vc_column-inner\"><div class=\"wpb_wrapper\">\n\t\t\t<!-- START Apartment REVOLUTION SLIDER 6.7.25 --><p class=\"rs-p-wp-fix\"><\/p>\n\t\t\t<rs-module-wrap id=\"rev_slider_13_1_wrapper\" data-source=\"gallery\" style=\"visibility:hidden;background:transparent;padding:0;margin:0px auto;margin-top:0;margin-bottom:0;\">\n\t\t\t\t<rs-module id=\"rev_slider_13_1\" style=\"\" data-version=\"6.7.25\">\n\t\t\t\t\t<rs-slides style=\"overflow: hidden; position: absolute;\">\n\t\t\t\t\t\t<rs-slide style=\"position: absolute;\" data-key=\"rs-38\" data-title=\"Slide\" data-anim=\"ms:600ms;r:0;\" data-in=\"o:0;\" data-out=\"a:false;\">\n\t\t\t\t\t\t\t<img src=\"\/\/lataniacretehotel.com\/wp-content\/plugins\/revslider\/sr6\/assets\/assets\/dummy.png\" alt=\"\" title=\"prof-3898\" width=\"1350\" height=\"900\" class=\"rev-slidebg tp-rs-img rs-lazyload\" data-lazyload=\"\/\/lataniacretehotel.com\/wp-content\/uploads\/2021\/04\/prof-3898.jpg\" data-parallax=\"off\" data-no-retina>\n<!---->\t\t\t\t\t<\/rs-slide>\n\t\t\t\t\t<\/rs-slides>\n\t\t\t\t\t<rs-static-layers class=\"rs-stl-visible\"><!--\n\n\t\t\t\t\t\t\t--><rs-layer\n\t\t\t\t\t\t\t\tid=\"slider-13-slide-13-layer-4\" \n\t\t\t\t\t\t\t\tclass=\"rs-layer-static\"\n\t\t\t\t\t\t\t\tdata-type=\"image\"\n\t\t\t\t\t\t\t\tdata-rsp_ch=\"on\"\n\t\t\t\t\t\t\t\tdata-xy=\"x:c;y:b;yo:-1px,0,0,0;\"\n\t\t\t\t\t\t\t\tdata-text=\"w:normal;\"\n\t\t\t\t\t\t\t\tdata-dim=\"w:139px,147px,144px,137px;h:40px,42px,41px,39px;\"\n\t\t\t\t\t\t\t\tdata-actions='o:click;a:scrollbelow;d:100ms;sp:1000ms;e:none;'\n\t\t\t\t\t\t\t\tdata-onslides=\"s:1;\"\n\t\t\t\t\t\t\t\tdata-frame_999=\"o:0;st:w;\"\n\t\t\t\t\t\t\t\tstyle=\"z-index:5;cursor:pointer;\"\n\t\t\t\t\t\t\t><img src=\"\/\/lataniacretehotel.com\/wp-content\/plugins\/revslider\/sr6\/assets\/assets\/dummy.png\" alt=\"\" class=\"tp-rs-img rs-lazyload\" width=\"139\" height=\"40\" data-lazyload=\"\/\/lataniacretehotel.com\/wp-content\/uploads\/2021\/02\/buttons-next-page.png\" data-no-retina> \n\t\t\t\t\t\t\t<\/rs-layer><!--\n\t\t\t\t\t--><\/rs-static-layers>\n\t\t\t\t<\/rs-module>\n\t\t\t\t<script>\n\t\t\t\t\tsetREVStartSize({c: 'rev_slider_13_1',rl:[1240,1024,778,480],el:[700,700,700,600],gw:[1600,1024,778,480],gh:[700,700,700,600],type:'standard',justify:'',layout:'fullwidth',mh:\"0\"});if (window.RS_MODULES!==undefined && window.RS_MODULES.modules!==undefined && window.RS_MODULES.modules[\"revslider131\"]!==undefined) {window.RS_MODULES.modules[\"revslider131\"].once = false;window.revapi13 = undefined;if (window.RS_MODULES.checkMinimal!==undefined) window.RS_MODULES.checkMinimal()}\n\t\t\t\t<\/script>\n\t\t\t<\/rs-module-wrap>\n\t\t\t<!-- END REVOLUTION SLIDER -->\n<\/div><\/div><\/div><\/div><div class=\"vc_row-full-width vc_clearfix\"><\/div><div class=\"vc_row wpb_row vc_row-fluid vc_custom_1602943451280 vc_row-o-equal-height vc_row-o-content-top vc_row-flex\"><div class=\"wpb_column vc_column_container vc_col-sm-8\"><div class=\"vc_column-inner\"><div class=\"wpb_wrapper\"><h2 style=\"text-align: left;font-family:Oswald;font-weight:300;font-style:normal\" class=\"vc_custom_heading vc_do_custom_heading\" >APARTMENTS MIT MEERBLICK ODER GARTEN - POOLBLICK<\/h2><h2 style=\"font-size: 30px;color: #ad1a52;text-align: left;font-family:Oswald;font-weight:300;font-style:normal\" class=\"vc_custom_heading vc_do_custom_heading\" >Eine ideale Wahl, wenn Sie auf die Insel Kreta reisen<\/h2>\n\t<div class=\"wpb_text_column wpb_content_element\" >\n\t\t<div class=\"wpb_wrapper\">\n\t\t\t<p>Alle Zimmer sind wundersch\u00f6n dekoriert und ausgestattet mit:<\/p>\n<ul>\n<li>Satelliten Fernsehen<\/li>\n<li>Internationaler Musikkanal<\/li>\n<li>Direktwahltelefon (plus Hauskommunikation)<\/li>\n<li>K\u00fchlschrank<\/li>\n<li>Two electric tings<\/li>\n<li>Kaffeemaschine<\/li>\n<li>Toaster<\/li>\n<li>Mikrowelle<\/li>\n<li>Haartrockner<\/li>\n<li>Bad \/ Dusche<\/li>\n<li>Verdunkelungsvorh\u00e4nge<\/li>\n<li>Baby cot is also available on request.<\/li>\n<\/ul>\n<p>Es gibt auch eine pers\u00f6nlich regulierbare Klimaanlage und Safes, die in allen Zimmern gegen Aufpreis verf\u00fcgbar sind. Alle Zimmer verf\u00fcgen \u00fcber gro\u00dfz\u00fcgige Balkone, Terrassen oder Veranden mit Blick auf das blaue Meer, die Berge oder die G\u00e4rten.<\/p>\n\n\t\t<\/div>\n\t<\/div>\n<\/div><\/div><\/div><div class=\"wpb_column vc_column_container vc_col-sm-4\"><div class=\"vc_column-inner\"><div class=\"wpb_wrapper\"><div class=\"vc_empty_space\"   style=\"height: 20px\"><span class=\"vc_empty_space_inner\"><\/span><\/div><h2 style=\"font-size: 22px;color: #ad1a52;text-align: left;font-family:Oswald;font-weight:400;font-style:normal\" class=\"vc_custom_heading vc_do_custom_heading\" >Sea view or garden - pool view, 1-5 persons<\/h2>\n\t<div class=\"wpb_text_column wpb_content_element vc_custom_1617669217066\" >\n\t\t<div class=\"wpb_wrapper\">\n\t\t\t<p style=\"text-align: justify;\">Die Hotelanlage Latania besteht aus Appartments, die 2 bis 4 Personen beherbergen k\u00f6nnen und Appartements mit einem separaten Schlafzimmer, die 4 bis 5 Personen aufnehmen k\u00f6nnen.<\/p>\n\n\t\t<\/div>\n\t<\/div>\n<div class=\"vc_btn3-container vc_btn3-center vc_do_btn\" ><a style=\"background-color:#ad1a52; color:#ffffff;\" class=\"vc_general vc_btn3 vc_btn3-size-md vc_btn3-shape-square vc_btn3-style-custom vc_btn3-block\" href=\"https:\/\/lataniastudiosandapartments.reserve-online.net\/\" title=\"\">BUCHEN SIE DIESES ZIMMER<\/a><\/div><\/div><\/div><\/div><\/div><div class=\"vc_row wpb_row vc_row-fluid vc_custom_1602947163035\"><div class=\"wpb_column vc_column_container vc_col-sm-12\"><div class=\"vc_column-inner\"><div class=\"wpb_wrapper\"><h2 style=\"font-size: 30px;text-align: center;font-family:Oswald;font-weight:300;font-style:normal\" class=\"vc_custom_heading vc_do_custom_heading\" >ZIMMERFOTOS<\/h2><div class=\"vc_separator wpb_content_element vc_separator_align_center vc_sep_width_10 vc_sep_border_width_5 vc_sep_pos_align_center vc_separator_no_text wpb_content_element  wpb_content_element\" ><span class=\"vc_sep_holder vc_sep_holder_l\"><span style=\"border-color:#ad1a52;\" class=\"vc_sep_line\"><\/span><\/span><span class=\"vc_sep_holder vc_sep_holder_r\"><span style=\"border-color:#ad1a52;\" class=\"vc_sep_line\"><\/span><\/span>\n<\/div>\n\t<div class=\"wpb_text_column wpb_content_element\" >\n\t\t<div class=\"wpb_wrapper\">\n\t\t\t\r\n\t\t\t\t\t\n\r\n\t\t\t\t\t<!-- START UNITE GALLERY 1.7.53 -->\r\n\t\t\t\t\t\r\n\t\t\t\t\n\t\t\t<div id='unitegallery_3_1' class='unite-gallery' style='margin:0px auto;'>\n\t\t\t\t\n\n\t\t\t\t\t\t<img alt=\"prof-3898\"\n\t\t\t\t\t\t     src=\"\" data-image=\"https:\/\/lataniacretehotel.com\/wp-content\/uploads\/2021\/04\/prof-3898.jpg\"\n\t\t\t\t\t\t     data-thumb=\"https:\/\/lataniacretehotel.com\/wp-content\/uploads\/2021\/04\/prof-3898-768x512.jpg\"\n\t\t\t\t\t\t     title=\"\"\n\t\t\t\t\t\t     style=\"display:none\">\n\n\t\t\t\t\t\t<img alt=\"prof-3831\"\n\t\t\t\t\t\t     src=\"\" data-image=\"https:\/\/lataniacretehotel.com\/wp-content\/uploads\/2021\/04\/prof-3831.jpg\"\n\t\t\t\t\t\t     data-thumb=\"https:\/\/lataniacretehotel.com\/wp-content\/uploads\/2021\/04\/prof-3831-768x512.jpg\"\n\t\t\t\t\t\t     title=\"\"\n\t\t\t\t\t\t     style=\"display:none\">\n\n\t\t\t\t\t\t<img alt=\"IMG_7521\"\n\t\t\t\t\t\t     src=\"\" data-image=\"https:\/\/lataniacretehotel.com\/wp-content\/uploads\/2021\/04\/IMG_7521.jpg\"\n\t\t\t\t\t\t     data-thumb=\"https:\/\/lataniacretehotel.com\/wp-content\/uploads\/2021\/04\/IMG_7521-768x512.jpg\"\n\t\t\t\t\t\t     title=\"\"\n\t\t\t\t\t\t     style=\"display:none\">\n\n\t\t\t\t\t\t<img alt=\"IMG_3925\"\n\t\t\t\t\t\t     src=\"\" data-image=\"https:\/\/lataniacretehotel.com\/wp-content\/uploads\/2021\/04\/IMG_3925.jpg\"\n\t\t\t\t\t\t     data-thumb=\"https:\/\/lataniacretehotel.com\/wp-content\/uploads\/2021\/04\/IMG_3925-768x512.jpg\"\n\t\t\t\t\t\t     title=\"\"\n\t\t\t\t\t\t     style=\"display:none\">\n\n\t\t\t\t\t\t<img alt=\"IMG_3925\"\n\t\t\t\t\t\t     src=\"\" data-image=\"https:\/\/lataniacretehotel.com\/wp-content\/uploads\/2021\/04\/IMG_3925.jpg\"\n\t\t\t\t\t\t     data-thumb=\"https:\/\/lataniacretehotel.com\/wp-content\/uploads\/2021\/04\/IMG_3925-768x512.jpg\"\n\t\t\t\t\t\t     title=\"\"\n\t\t\t\t\t\t     style=\"display:none\">\n\n\t\t\t\t\t\t<img alt=\"IMG_7590retus\"\n\t\t\t\t\t\t     src=\"\" data-image=\"https:\/\/lataniacretehotel.com\/wp-content\/uploads\/2021\/02\/IMG_7590retus.jpg\"\n\t\t\t\t\t\t     data-thumb=\"https:\/\/lataniacretehotel.com\/wp-content\/uploads\/2021\/02\/IMG_7590retus-768x547.jpg\"\n\t\t\t\t\t\t     title=\"\"\n\t\t\t\t\t\t     style=\"display:none\">\n\n\t\t\t\t\t\t<img alt=\"IMG_1401\"\n\t\t\t\t\t\t     src=\"\" data-image=\"https:\/\/lataniacretehotel.com\/wp-content\/uploads\/2021\/02\/IMG_1401.jpg\"\n\t\t\t\t\t\t     data-thumb=\"https:\/\/lataniacretehotel.com\/wp-content\/uploads\/2021\/02\/IMG_1401.jpg\"\n\t\t\t\t\t\t     title=\"\"\n\t\t\t\t\t\t     style=\"display:none\">\n\t\t\t<\/div>\n\n\t\t\t<script type='text\/javascript'>\n\t\t\t\twindow.onload = function(e) {\n\t\t\t\t\tif(typeof ugCheckForErrors == \"undefined\"){\n\t\t\t\t\t\tdocument.getElementById(\"unitegallery_3_1\").innerHTML = \"<span style='color:red'>Unite Gallery Error - gallery js and css files not included in the footer. Please make sure that wp_footer() function is added to your theme.<\/span>\";}\n\t\t\t\t\telse{ ugCheckForErrors(\"unitegallery_3_1\", \"jquery\");}\n\t\t\t\t};\n\t\t\t<\/script>\n\n\t\t\t<!-- END UNITEGALLERY -->\n\n\t\t<\/div>\n\t<\/div>\n<\/div><\/div><\/div><\/div>\n<\/div>","protected":false},"excerpt":{"rendered":"APARTMENTS WITH SEA VIEW OR GARDEN - POOL VIEWAn ideal choice when traveling to the island of Crete All rooms are beautifully decorated and equipped with: Satellite TV International music channel Direct dial telephone (plus in-house communication) Refrigerator Two electric tings Coffee maker Toaster Microwave Hair dryer Bath\/shower Blackout curtains Baby cot is also available [...]","protected":false},"author":1,"featured_media":0,"parent":0,"menu_order":0,"comment_status":"closed","ping_status":"closed","template":"","meta":[],"_links":{"self":[{"href":"https:\/\/lataniacretehotel.com\/de\/wp-json\/wp\/v2\/pages\/4561"}],"collection":[{"href":"https:\/\/lataniacretehotel.com\/de\/wp-json\/wp\/v2\/pages"}],"about":[{"href":"https:\/\/lataniacretehotel.com\/de\/wp-json\/wp\/v2\/types\/page"}],"author":[{"embeddable":true,"href":"https:\/\/lataniacretehotel.com\/de\/wp-json\/wp\/v2\/users\/1"}],"replies":[{"embeddable":true,"href":"https:\/\/lataniacretehotel.com\/de\/wp-json\/wp\/v2\/comments?post=4561"}],"version-history":[{"count":5,"href":"https:\/\/lataniacretehotel.com\/de\/wp-json\/wp\/v2\/pages\/4561\/revisions"}],"predecessor-version":[{"id":4839,"href":"https:\/\/lataniacretehotel.com\/de\/wp-json\/wp\/v2\/pages\/4561\/revisions\/4839"}],"wp:attachment":[{"href":"https:\/\/lataniacretehotel.com\/de\/wp-json\/wp\/v2\/media?parent=4561"}],"curies":[{"name":"wp","href":"https:\/\/api.w.org\/{rel}","templated":true}]}}