{"id":4582,"date":"2021-04-06T02:12:22","date_gmt":"2021-04-06T02:12:22","guid":{"rendered":"https:\/\/lataniacretehotel.com\/?page_id=4582"},"modified":"2025-10-20T19:59:58","modified_gmt":"2025-10-20T19:59:58","slug":"contact","status":"publish","type":"page","link":"https:\/\/lataniacretehotel.com\/de\/contact\/","title":{"rendered":"KONTAKT"},"content":{"rendered":"<div class=\"wpb-content-wrapper\"><div class=\"vc_row wpb_row vc_row-fluid vc_custom_1617677679721 vc_row-o-equal-height vc_row-o-content-top vc_row-flex\"><div class=\"wpb_column vc_column_container vc_col-sm-8\"><div class=\"vc_column-inner\"><div class=\"wpb_wrapper\"><h2 style=\"text-align: left;font-family:Oswald;font-weight:300;font-style:normal\" class=\"vc_custom_heading vc_do_custom_heading\" >KONTAKTIERE UNS<\/h2><h2 style=\"font-size: 30px;color: #ad1a52;text-align: left;font-family:Oswald;font-weight:300;font-style:normal\" class=\"vc_custom_heading vc_do_custom_heading\" >Wir stehen Ihnen jederzeit mit Informationen \u00fcber uns zur Verf\u00fcgung, um Ihnen bei Ihren Fragen, Reservierungen und W\u00fcnschen behilflich zu sein.<\/h2>\n\t<div class=\"wpb_text_column wpb_content_element vc_custom_1617677632045\" >\n\t\t<div class=\"wpb_wrapper\">\n\t\t\t<p style=\"text-align: justify;\"><div class=\"wpforms-container wpforms-container-full\" id=\"wpforms-4605\"><form id=\"wpforms-form-4605\" class=\"wpforms-validate wpforms-form\" data-formid=\"4605\" method=\"post\" enctype=\"multipart\/form-data\" action=\"\/de\/wp-json\/wp\/v2\/pages\/4582\" data-token=\"2c18f8b602119bdf10c62486e129dbd6\" data-token-time=\"1776178304\" data-trp-original-action=\"\/de\/wp-json\/wp\/v2\/pages\/4582\"><noscript class=\"wpforms-error-noscript\">Bitte aktiviere JavaScript in deinem Browser, um dieses Formular fertigzustellen.<\/noscript><div class=\"wpforms-field-container\"><div id=\"wpforms-4605-field_0-container\" class=\"wpforms-field wpforms-field-name\" data-field-id=\"0\"><label class=\"wpforms-field-label\">Name <span class=\"wpforms-required-label\">*<\/span><\/label><div class=\"wpforms-field-row wpforms-field-medium\"><div class=\"wpforms-field-row-block wpforms-first wpforms-one-half\"><input type=\"text\" id=\"wpforms-4605-field_0\" class=\"wpforms-field-name-first wpforms-field-required\" name=\"wpforms[fields][0][first]\" required><label for=\"wpforms-4605-field_0\" class=\"wpforms-field-sublabel after\">Vorname<\/label><\/div><div class=\"wpforms-field-row-block wpforms-one-half\"><input type=\"text\" id=\"wpforms-4605-field_0-last\" class=\"wpforms-field-name-last wpforms-field-required\" name=\"wpforms[fields][0][last]\" required><label for=\"wpforms-4605-field_0-last\" class=\"wpforms-field-sublabel after\">Nachname<\/label><\/div><\/div><\/div><div id=\"wpforms-4605-field_1-container\" class=\"wpforms-field wpforms-field-email\" data-field-id=\"1\"><label class=\"wpforms-field-label\" for=\"wpforms-4605-field_1\">Email <span class=\"wpforms-required-label\">*<\/span><\/label><input type=\"email\" id=\"wpforms-4605-field_1\" class=\"wpforms-field-medium wpforms-field-required\" name=\"wpforms[fields][1]\" spellcheck=\"false\" required><\/div><div id=\"wpforms-4605-field_3-container\" class=\"wpforms-field wpforms-field-text\" data-field-id=\"3\"><label class=\"wpforms-field-label\" for=\"wpforms-4605-field_3\">Telefon<\/label><input type=\"text\" id=\"wpforms-4605-field_3\" class=\"wpforms-field-medium\" name=\"wpforms[fields][3]\" ><\/div><div id=\"wpforms-4605-field_2-container\" class=\"wpforms-field wpforms-field-textarea\" data-field-id=\"2\"><label class=\"wpforms-field-label\" for=\"wpforms-4605-field_2\">Kommentar oder Nachricht <span class=\"wpforms-required-label\">*<\/span><\/label><textarea id=\"wpforms-4605-field_2\" class=\"wpforms-field-medium wpforms-field-required\" name=\"wpforms[fields][2]\" required><\/textarea><\/div><\/div><!-- .wpforms-field-container --><div class=\"wpforms-recaptcha-container wpforms-is-recaptcha wpforms-is-recaptcha-type-v2\" ><div class=\"g-recaptcha\" data-sitekey=\"6LeK4rQaAAAAAFo4r18d11Wlsc3G8R7O8KPndqAG\"><\/div><input type=\"text\" name=\"g-recaptcha-hidden\" class=\"wpforms-recaptcha-hidden\" style=\"position:absolute!important;clip:rect(0,0,0,0)!important;height:1px!important;width:1px!important;border:0!important;overflow:hidden!important;padding:0!important;margin:0!important;\" data-rule-recaptcha=\"1\"><\/div><div class=\"wpforms-submit-container\" ><input type=\"hidden\" name=\"wpforms[id]\" value=\"4605\"><input type=\"hidden\" name=\"page_title\" value=\"\"><input type=\"hidden\" name=\"page_url\" value=\"https:\/\/lataniacretehotel.com\/de\/wp-json\/wp\/v2\/pages\/4582\"><input type=\"hidden\" name=\"url_referer\" value=\"\"><button type=\"submit\" name=\"wpforms[submit]\" id=\"wpforms-submit-4605\" class=\"wpforms-submit\" data-alt-text=\"Sending...\" data-submit-text=\"Submit\" aria-live=\"assertive\" value=\"wpforms-submit\">Submit<\/button><\/div><input type=\"hidden\" id=\"ct_checkjs_wpforms_69cb3ea317a32c4e6143e665fdb20b14\" name=\"ct_checkjs_wpforms\" value=\"0\" \/><script>setTimeout(function(){var ct_input_name = \"ct_checkjs_wpforms_69cb3ea317a32c4e6143e665fdb20b14\";if (document.getElementById(ct_input_name) !== null) {var ct_input_value = document.getElementById(ct_input_name).value;document.getElementById(ct_input_name).value = document.getElementById(ct_input_name).value.replace(ct_input_value, '1371306743');}}, 1000);<\/script><label id=\"apbct_label_id_19527\" class=\"apbct_special_field\"><input\n                    class=\"apbct_special_field apbct__email_id__wp_wpforms\"\n                    name=\"apbct_email_id__wp_wpforms\"\n                    type=\"text\" size=\"30\" maxlength=\"200\" autocomplete=\"off\"\n                    value=\"\"\n                \/><\/label><input type=\"hidden\" name=\"trp-form-language\" value=\"de\"\/><\/form><\/div>  <!-- .wpforms-container --><\/p>\n\n\t\t<\/div>\n\t<\/div>\n<\/div><\/div><\/div><div class=\"wpb_column vc_column_container vc_col-sm-4\"><div class=\"vc_column-inner\"><div class=\"wpb_wrapper\"><div class=\"vc_empty_space\"   style=\"height: 20px\"><span class=\"vc_empty_space_inner\"><\/span><\/div><h2 style=\"font-size: 22px;color: #ad1a52;text-align: left;font-family:Oswald;font-weight:400;font-style:normal\" class=\"vc_custom_heading vc_do_custom_heading\" >UNSERE ADRESSE<\/h2>\n\t<div class=\"wpb_text_column wpb_content_element\" >\n\t\t<div class=\"wpb_wrapper\">\n\t\t\t<p>Komfortabel und so geplant, dass sie alle Bed\u00fcrfnisse unserer G\u00e4ste erf\u00fcllen, versprechen die Zimmer in den Latania Apartments einen unvergesslichen Aufenthalt in Stalis. Eine ideale Wahl, wenn Sie auf die Insel Kreta reisen.<\/p>\n\n\t\t<\/div>\n\t<\/div>\n<div class=\"vc_btn3-container vc_btn3-center vc_do_btn\" ><a class=\"vc_general vc_btn3 vc_btn3-size-md vc_btn3-shape-square vc_btn3-style-flat vc_btn3-icon-left vc_btn3-color-primary\" href=\"https:\/\/goo.gl\/maps\/fbLSrVfjUZA8xNxQ9\" title=\"\" target=\"_blank\"><i class=\"vc_btn3-icon fas fa-map-marked\"><\/i> GET DRIVING DIRECTIONS<\/a><\/div>\n\t<div class=\"wpb_text_column wpb_content_element vc_custom_1617746801724\" >\n\t\t<div class=\"wpb_wrapper\">\n\t\t\t<p>A: Beach Road\u00a0 | 70007 | Stalis<br \/>\nCrete | Greece<\/p>\n<p>P:\u00a0<a href=\"tel:003028970 33651\">+30 28970 33651<\/a>, <a href=\"tel:00302897031566\">31556<\/a><br \/>\nWinter Tel: <a href=\"tel:00302810285674\">+30 2810 285674<\/a><\/p>\n<p>E:\u00a0<a href=\"mailto:info@lataniacretehotel.com\">info@lataniacretehotel.com<\/a><\/p>\n\n\t\t<\/div>\n\t<\/div>\n<h2 style=\"font-size: 22px;color: #ad1a52;text-align: left;font-family:Oswald;font-weight:400;font-style:normal\" class=\"vc_custom_heading vc_do_custom_heading\" >RESERVATIONS<\/h2><div class=\"vc_btn3-container vc_btn3-center vc_do_btn\" ><a style=\"background-color:#ad1a52; color:#ffffff;\" class=\"vc_general vc_btn3 vc_btn3-size-md vc_btn3-shape-square vc_btn3-style-custom vc_btn3-block\" href=\"https:\/\/lataniastudiosandapartments.reserve-online.net\/\" title=\"\">BUCHEN SIE IHR ZIMMER<\/a><\/div><\/div><\/div><\/div><\/div><div class=\"vc_row wpb_row vc_row-fluid vc_custom_1602947163035\"><div class=\"wpb_column vc_column_container vc_col-sm-12\"><div class=\"vc_column-inner\"><div class=\"wpb_wrapper\"><h2 style=\"font-size: 30px;text-align: center;font-family:Oswald;font-weight:300;font-style:normal\" class=\"vc_custom_heading vc_do_custom_heading\" >FINDEN SIE UNS AUF DER KARTE<\/h2><div class=\"vc_separator wpb_content_element vc_separator_align_center vc_sep_width_10 vc_sep_border_width_5 vc_sep_pos_align_center vc_separator_no_text wpb_content_element  wpb_content_element\" ><span class=\"vc_sep_holder vc_sep_holder_l\"><span style=\"border-color:#ad1a52;\" class=\"vc_sep_line\"><\/span><\/span><span class=\"vc_sep_holder vc_sep_holder_r\"><span style=\"border-color:#ad1a52;\" class=\"vc_sep_line\"><\/span><\/span>\n<\/div>\n\t<div class=\"wpb_text_column wpb_content_element\" >\n\t\t<div class=\"wpb_wrapper\">\n\t\t\t<p><iframe loading=\"lazy\" style=\"border: 0;\" src=\"https:\/\/www.google.com\/maps\/embed?pb=!1m18!1m12!1m3!1d968.1796161579755!2d25.4371946815689!3d35.29218686744254!2m3!1f0!2f0!3f0!3m2!1i1024!2i768!4f13.1!3m3!1m2!1s0x149a64ee1d598d23%3A0xf04822361906ba5e!2sLatania%20Apartments!5e0!3m2!1sen!2sgr!4v1617674815704!5m2!1sen!2sgr\" width=\"100%\" height=\"450\" allowfullscreen=\"allowfullscreen\"><\/iframe><\/p>\n\n\t\t<\/div>\n\t<\/div>\n<\/div><\/div><\/div><\/div>\n<\/div>","protected":false},"excerpt":{"rendered":"CONTACT USWe are always available to provide you with information about us to help you with your questions, reservations, and requests. Bitte aktiviere JavaScript in deinem Browser, um dieses Formular fertigzustellen.Name *VornameNachnameEmail *PhoneComment or Message *Submit OUR ADDRESS Comfortable and planned to fulfill every need of our guests, rooms at the Latania Apartments promise a [...]","protected":false},"author":1,"featured_media":0,"parent":0,"menu_order":0,"comment_status":"closed","ping_status":"closed","template":"","meta":[],"_links":{"self":[{"href":"https:\/\/lataniacretehotel.com\/de\/wp-json\/wp\/v2\/pages\/4582"}],"collection":[{"href":"https:\/\/lataniacretehotel.com\/de\/wp-json\/wp\/v2\/pages"}],"about":[{"href":"https:\/\/lataniacretehotel.com\/de\/wp-json\/wp\/v2\/types\/page"}],"author":[{"embeddable":true,"href":"https:\/\/lataniacretehotel.com\/de\/wp-json\/wp\/v2\/users\/1"}],"replies":[{"embeddable":true,"href":"https:\/\/lataniacretehotel.com\/de\/wp-json\/wp\/v2\/comments?post=4582"}],"version-history":[{"count":6,"href":"https:\/\/lataniacretehotel.com\/de\/wp-json\/wp\/v2\/pages\/4582\/revisions"}],"predecessor-version":[{"id":4842,"href":"https:\/\/lataniacretehotel.com\/de\/wp-json\/wp\/v2\/pages\/4582\/revisions\/4842"}],"wp:attachment":[{"href":"https:\/\/lataniacretehotel.com\/de\/wp-json\/wp\/v2\/media?parent=4582"}],"curies":[{"name":"wp","href":"https:\/\/api.w.org\/{rel}","templated":true}]}}