{"id":4579,"date":"2021-04-06T02:07:32","date_gmt":"2021-04-06T02:07:32","guid":{"rendered":"https:\/\/lataniacretehotel.com\/?page_id=4579"},"modified":"2025-10-20T19:59:30","modified_gmt":"2025-10-20T19:59:30","slug":"location","status":"publish","type":"page","link":"https:\/\/lataniacretehotel.com\/it\/location\/","title":{"rendered":"LOCALIT\u00c0"},"content":{"rendered":"<div class=\"wpb-content-wrapper\"><div data-vc-full-width=\"true\" data-vc-full-width-init=\"false\" data-vc-stretch-content=\"true\" class=\"vc_row wpb_row vc_row-fluid vc_custom_1617679611282 vc_row-no-padding\"><div class=\"wpb_column vc_column_container vc_col-sm-12\"><div class=\"vc_column-inner\"><div class=\"wpb_wrapper\">\n\t\t\t<!-- START Location REVOLUTION SLIDER 6.7.25 --><p class=\"rs-p-wp-fix\"><\/p>\n\t\t\t<rs-module-wrap id=\"rev_slider_16_1_wrapper\" data-source=\"gallery\" style=\"visibility:hidden;background:transparent;padding:0;margin:0px auto;margin-top:0;margin-bottom:0;\">\n\t\t\t\t<rs-module id=\"rev_slider_16_1\" style=\"\" data-version=\"6.7.25\">\n\t\t\t\t\t<rs-slides style=\"overflow: hidden; position: absolute;\">\n\t\t\t\t\t\t<rs-slide style=\"position: absolute;\" data-key=\"rs-50\" data-title=\"Slide\" data-anim=\"ms:600;r:0;\" data-in=\"o:0;\" data-out=\"a:false;\">\n\t\t\t\t\t\t\t<img src=\"\/\/lataniacretehotel.com\/wp-content\/plugins\/revslider\/sr6\/assets\/assets\/dummy.png\" alt=\"\" title=\"IMG_4876\" width=\"1350\" height=\"900\" class=\"rev-slidebg tp-rs-img rs-lazyload\" data-lazyload=\"\/\/lataniacretehotel.com\/wp-content\/uploads\/2021\/04\/IMG_4876.jpg\" data-parallax=\"off\" data-no-retina>\n<!---->\t\t\t\t\t<\/rs-slide>\n\t\t\t\t\t<\/rs-slides>\n\t\t\t\t\t<rs-static-layers class=\"rs-stl-visible\"><!--\n\n\t\t\t\t\t\t\t--><rs-layer\n\t\t\t\t\t\t\t\tid=\"slider-16-slide-16-layer-4\" \n\t\t\t\t\t\t\t\tclass=\"rs-layer-static\"\n\t\t\t\t\t\t\t\tdata-type=\"image\"\n\t\t\t\t\t\t\t\tdata-rsp_ch=\"on\"\n\t\t\t\t\t\t\t\tdata-xy=\"x:c;y:b;yo:-1px,0,0,0;\"\n\t\t\t\t\t\t\t\tdata-text=\"w:normal;\"\n\t\t\t\t\t\t\t\tdata-dim=\"w:139px,147px,144px,137px;h:40px,42px,41px,39px;\"\n\t\t\t\t\t\t\t\tdata-actions='o:click;a:scrollbelow;d:100ms;sp:1000ms;e:none;'\n\t\t\t\t\t\t\t\tdata-onslides=\"s:1;\"\n\t\t\t\t\t\t\t\tdata-frame_999=\"o:0;st:w;\"\n\t\t\t\t\t\t\t\tstyle=\"z-index:5;cursor:pointer;\"\n\t\t\t\t\t\t\t><img src=\"\/\/lataniacretehotel.com\/wp-content\/plugins\/revslider\/sr6\/assets\/assets\/dummy.png\" alt=\"\" class=\"tp-rs-img rs-lazyload\" width=\"139\" height=\"40\" data-lazyload=\"\/\/lataniacretehotel.com\/wp-content\/uploads\/2021\/02\/buttons-next-page.png\" data-no-retina> \n\t\t\t\t\t\t\t<\/rs-layer><!--\n\t\t\t\t\t--><\/rs-static-layers>\n\t\t\t\t<\/rs-module>\n\t\t\t\t<script>\n\t\t\t\t\tsetREVStartSize({c: 'rev_slider_16_1',rl:[1240,1024,778,480],el:[700,700,700,600],gw:[1600,1024,778,480],gh:[700,700,700,600],type:'standard',justify:'',layout:'fullwidth',mh:\"0\"});if (window.RS_MODULES!==undefined && window.RS_MODULES.modules!==undefined && window.RS_MODULES.modules[\"revslider161\"]!==undefined) {window.RS_MODULES.modules[\"revslider161\"].once = false;window.revapi16 = undefined;if (window.RS_MODULES.checkMinimal!==undefined) window.RS_MODULES.checkMinimal()}\n\t\t\t\t<\/script>\n\t\t\t<\/rs-module-wrap>\n\t\t\t<!-- END REVOLUTION SLIDER -->\n<\/div><\/div><\/div><\/div><div class=\"vc_row-full-width vc_clearfix\"><\/div><div class=\"vc_row wpb_row vc_row-fluid vc_custom_1602943451280 vc_row-o-equal-height vc_row-o-content-top vc_row-flex\"><div class=\"wpb_column vc_column_container vc_col-sm-8\"><div class=\"vc_column-inner\"><div class=\"wpb_wrapper\"><h2 style=\"text-align: left;font-family:Oswald;font-weight:300;font-style:normal\" class=\"vc_custom_heading vc_do_custom_heading\" >STALIS - CRETE<\/h2><h2 style=\"font-size: 30px;color: #ad1a52;text-align: left;font-family:Oswald;font-weight:300;font-style:normal\" class=\"vc_custom_heading vc_do_custom_heading\" >QUESTA DESTINAZIONE TI IMPRESSIONERA' CON TUTTI I MEZZI<\/h2>\n\t<div class=\"wpb_text_column wpb_content_element\" >\n\t\t<div class=\"wpb_wrapper\">\n\t\t\t<p><strong>Stalida<\/strong><\/p>\n<p>Situato in posizione ideale, a soli 200 m dall'autostrada principale che si estende da un'estremit\u00e0 all'altra dell'isola, per l'accesso a tutti i luoghi di interesse di Creta. Il servizio regolare di autobus (ogni 30 minuti) per Agios Nikolaos (a 30 Km) e Heraklion (a 30 Km). Altre destinazioni includono: Knossos (35 Km), Vai (125Km), Hersonissos (3Km), Malia (2Km), Elounda<\/p>\n<p><strong>Malia<\/strong><\/p>\n<p>A poca distanza da Stalida, ad Est, si trova Malia, localit\u00e0 turistica piuttosto affollata, frequentata e rinomata con un'intensa vita notturna. Ma allo stesso tempo, oltre le spiagge sabbiose e sotto la montagna di Dikti, troverai il famoso palazzo minoico di Malia, il terzo palazzo pi\u00f9 grande della Creta minoica dopo Cnosso e Festo.<\/p>\n<p><strong>Esplorando il territorio circostante<\/strong><\/p>\n<p>Per coloro che desiderano esplorare l'isola e trovare qualcosa di diverso dall'intenso divertimento, si possono visitare diversi luoghi nelle vicinanze seguendo i percorsi panoramici o le veloci strade principali. L'isola di Spinalonga che un tempo era un lebbrosario, l'unica foresta di palme di Vai conosciuta come la pi\u00f9 grande d'Europa, il Palazzo di Cnosso il pi\u00f9 grande sito archeologico dell'et\u00e0 del bronzo a Creta e probabilmente il centro cerimoniale e politico della civilt\u00e0 e della cultura minoica, Lassithi Altopiano noto per i suoi numerosi piccoli mulini a vento e 17 villaggi tradizionali cretesi con due famose grotte: la grotta di Dictaion Andron che si dice sia il luogo di nascita di Zeus e la grotta nel villaggio di Psycho, un luogo importante nella preistoria minoica.<\/p>\n\n\t\t<\/div>\n\t<\/div>\n<\/div><\/div><\/div><div class=\"wpb_column vc_column_container vc_col-sm-4\"><div class=\"vc_column-inner\"><div class=\"wpb_wrapper\"><div class=\"vc_empty_space\"   style=\"height: 20px\"><span class=\"vc_empty_space_inner\"><\/span><\/div><h2 style=\"font-size: 22px;color: #ad1a52;text-align: left;font-family:Oswald;font-weight:400;font-style:normal\" class=\"vc_custom_heading vc_do_custom_heading\" >Fuga estiva sull'isola di Creta<\/h2>\n\t<div class=\"wpb_text_column wpb_content_element vc_custom_1608713168004\" >\n\t\t<div class=\"wpb_wrapper\">\n\t\t\t<p>Sperimenta l'ospitalit\u00e0 Greca in un complesso rilassante con viste mozzafiato e una variet\u00e0 di servizi.<\/p>\n\n\t\t<\/div>\n\t<\/div>\n<div class=\"vc_btn3-container vc_btn3-center vc_do_btn\" ><a style=\"background-color:#ad1a52; color:#ffffff;\" class=\"vc_general vc_btn3 vc_btn3-size-md vc_btn3-shape-square vc_btn3-style-custom vc_btn3-block\" href=\"https:\/\/lataniastudiosandapartments.reserve-online.net\/\" title=\"\">PRENOTA LA TUA CAMERA<\/a><\/div><\/div><\/div><\/div><\/div><div class=\"vc_row wpb_row vc_row-fluid vc_custom_1602947163035\"><div class=\"wpb_column vc_column_container vc_col-sm-12\"><div class=\"vc_column-inner\"><div class=\"wpb_wrapper\"><h2 style=\"font-size: 30px;text-align: center;font-family:Oswald;font-weight:300;font-style:normal\" class=\"vc_custom_heading vc_do_custom_heading\" >TROVACI SULLA MAPPA<\/h2><div class=\"vc_separator wpb_content_element vc_separator_align_center vc_sep_width_10 vc_sep_border_width_5 vc_sep_pos_align_center vc_separator_no_text wpb_content_element  wpb_content_element\" ><span class=\"vc_sep_holder vc_sep_holder_l\"><span style=\"border-color:#ad1a52;\" class=\"vc_sep_line\"><\/span><\/span><span class=\"vc_sep_holder vc_sep_holder_r\"><span style=\"border-color:#ad1a52;\" class=\"vc_sep_line\"><\/span><\/span>\n<\/div>\n\t<div class=\"wpb_text_column wpb_content_element\" >\n\t\t<div class=\"wpb_wrapper\">\n\t\t\t<p><iframe loading=\"lazy\" style=\"border: 0;\" src=\"https:\/\/www.google.com\/maps\/embed?pb=!1m18!1m12!1m3!1d968.1796161579755!2d25.4371946815689!3d35.29218686744254!2m3!1f0!2f0!3f0!3m2!1i1024!2i768!4f13.1!3m3!1m2!1s0x149a64ee1d598d23%3A0xf04822361906ba5e!2sLatania%20Apartments!5e0!3m2!1sen!2sgr!4v1617674815704!5m2!1sen!2sgr\" width=\"100%\" height=\"450\" allowfullscreen=\"allowfullscreen\"><\/iframe><\/p>\n\n\t\t<\/div>\n\t<\/div>\n<\/div><\/div><\/div><\/div>\n<\/div>","protected":false},"excerpt":{"rendered":"STALIS - CRETETHAT DESTINATION WILL IMPRESS YOU BY ALL MEANS Stalida Ideally situated, only 200 m far from the main highway which extends from one end of the island to the other, for access to all places of interest in Crete. The regular bus service (every 30 minutes) to Agios Nikolaos (30 Km away) and [...]","protected":false},"author":1,"featured_media":0,"parent":0,"menu_order":0,"comment_status":"closed","ping_status":"closed","template":"","meta":[],"_links":{"self":[{"href":"https:\/\/lataniacretehotel.com\/it\/wp-json\/wp\/v2\/pages\/4579"}],"collection":[{"href":"https:\/\/lataniacretehotel.com\/it\/wp-json\/wp\/v2\/pages"}],"about":[{"href":"https:\/\/lataniacretehotel.com\/it\/wp-json\/wp\/v2\/types\/page"}],"author":[{"embeddable":true,"href":"https:\/\/lataniacretehotel.com\/it\/wp-json\/wp\/v2\/users\/1"}],"replies":[{"embeddable":true,"href":"https:\/\/lataniacretehotel.com\/it\/wp-json\/wp\/v2\/comments?post=4579"}],"version-history":[{"count":3,"href":"https:\/\/lataniacretehotel.com\/it\/wp-json\/wp\/v2\/pages\/4579\/revisions"}],"predecessor-version":[{"id":4841,"href":"https:\/\/lataniacretehotel.com\/it\/wp-json\/wp\/v2\/pages\/4579\/revisions\/4841"}],"wp:attachment":[{"href":"https:\/\/lataniacretehotel.com\/it\/wp-json\/wp\/v2\/media?parent=4579"}],"curies":[{"name":"wp","href":"https:\/\/api.w.org\/{rel}","templated":true}]}}